{"id":4168,"date":"2026-01-12T10:41:43","date_gmt":"2026-01-12T09:41:43","guid":{"rendered":"https:\/\/implantbasal.fr\/?page_id=4168"},"modified":"2026-01-12T10:48:03","modified_gmt":"2026-01-12T09:48:03","slug":"menti","status":"publish","type":"page","link":"https:\/\/implantbasal.fr\/en\/menti\/","title":{"rendered":"Mentions legales"},"content":{"rendered":"<div data-elementor-type=\"wp-page\" data-elementor-id=\"4168\" class=\"elementor elementor-4168\">\n\t\t\t\t\t\t<section class=\"elementor-section elementor-top-section elementor-element elementor-element-56201bd elementor-section-boxed elementor-section-height-default elementor-section-height-default wpr-particle-no wpr-jarallax-no wpr-parallax-no wpr-sticky-section-no wpr-equal-height-no\" data-id=\"56201bd\" data-element_type=\"section\" data-e-type=\"section\">\n\t\t\t\t\t\t<div class=\"elementor-container elementor-column-gap-default\">\n\t\t\t\t\t<div class=\"elementor-column elementor-col-100 elementor-top-column elementor-element elementor-element-2ebb584\" data-id=\"2ebb584\" data-element_type=\"column\" data-e-type=\"column\">\n\t\t\t<div class=\"elementor-widget-wrap elementor-element-populated\">\n\t\t\t\t\t\t<div class=\"elementor-element elementor-element-8bcc835 elementor-widget elementor-widget-text-editor\" data-id=\"8bcc835\" data-element_type=\"widget\" data-e-type=\"widget\" data-widget_type=\"text-editor.default\">\n\t\t\t\t<div class=\"elementor-widget-container\">\n\t\t\t\t\t\t\t\t\t<h1 data-start=\"124\" data-end=\"142\">Mentions l\u00e9gales<\/h1><p data-start=\"144\" data-end=\"410\">Conform\u00e9ment aux dispositions de la loi n\u00b02004-575 du 21 juin 2004 pour la confiance dans l\u2019\u00e9conomie num\u00e9rique (LCEN), il est pr\u00e9cis\u00e9 aux utilisateurs du site <strong data-start=\"303\" data-end=\"322\">implantbasal.fr<\/strong> l\u2019identit\u00e9 des diff\u00e9rents intervenants dans le cadre de sa r\u00e9alisation et de son suivi.<\/p><hr data-start=\"412\" data-end=\"415\" \/><h2 data-start=\"417\" data-end=\"438\">1. \u00c9diteur du site<\/h2><p data-start=\"439\" data-end=\"630\">Nom du site : <strong data-start=\"453\" data-end=\"472\">implantbasal.fr<\/strong><br data-start=\"472\" data-end=\"475\" \/>Responsable de la publication : <strong data-start=\"507\" data-end=\"543\">Implant basal clinic<\/strong><br data-start=\"543\" data-end=\"546\" \/>Adresse e-mail : <strong data-start=\"563\" data-end=\"591\"><a class=\"decorated-link cursor-pointer\" rel=\"noopener\" data-start=\"565\" data-end=\"589\">implantbasalfr@gmail.com<\/a><\/strong><br data-start=\"591\" data-end=\"594\" \/>Site web : <a class=\"decorated-link\" href=\"https:\/\/implantbasal.fr\/en\/?utm_source=chatgpt.com\" target=\"_new\" rel=\"noopener\" data-start=\"605\" data-end=\"628\">https:\/\/implantbasal.fr<\/a><\/p><p data-start=\"632\" data-end=\"701\">Le responsable de la publication est une personne physique ou morale.<\/p><hr data-start=\"703\" data-end=\"706\" \/><h2 data-start=\"708\" data-end=\"725\">2. H\u00e9bergement<\/h2><p data-start=\"726\" data-end=\"931\">Le site est h\u00e9berg\u00e9 par :<br data-start=\"751\" data-end=\"754\" \/><strong data-start=\"754\" data-end=\"786\">Hostinger International Ltd.<\/strong><br data-start=\"786\" data-end=\"789\" \/>Adresse : 61 Lordou Vironos Street, Flat\/Office 5, 6023 Larnaca, Chypre<br data-start=\"860\" data-end=\"863\" \/>T\u00e9l\u00e9phone : +357 22 500 800<br data-start=\"890\" data-end=\"893\" \/>Site web : <a class=\"decorated-link\" href=\"https:\/\/www.hostinger.com\" target=\"_new\" rel=\"noopener\" data-start=\"904\" data-end=\"929\">https:\/\/www.hostinger.com<\/a><\/p><hr data-start=\"933\" data-end=\"936\" \/><h2 data-start=\"938\" data-end=\"957\">3. Acc\u00e8s au site<\/h2><p data-start=\"958\" data-end=\"1106\">Le site est accessible 24h\/24 et 7j\/7, sauf cas de force majeure, interruption programm\u00e9e ou non et pouvant d\u00e9couler d\u2019une n\u00e9cessit\u00e9 de maintenance.<\/p><hr data-start=\"1108\" data-end=\"1111\" \/><h2 data-start=\"1113\" data-end=\"1143\">4. Propri\u00e9t\u00e9 intellectuelle<\/h2><p data-start=\"1144\" data-end=\"1377\">L\u2019ensemble des contenus pr\u00e9sents sur le site <strong data-start=\"1189\" data-end=\"1208\">implantbasal.fr<\/strong> (textes, images, vid\u00e9os, graphismes, logo, ic\u00f4nes, sons) est prot\u00e9g\u00e9 par le droit d\u2019auteur et reste la propri\u00e9t\u00e9 exclusive de l\u2019\u00e9diteur du site, sauf mention contraire.<\/p><p data-start=\"1379\" data-end=\"1547\">Toute reproduction, repr\u00e9sentation, modification, publication ou adaptation, totale ou partielle, des \u00e9l\u00e9ments du site est interdite sans autorisation \u00e9crite pr\u00e9alable.<\/p><hr data-start=\"1549\" data-end=\"1552\" \/><h2 data-start=\"1554\" data-end=\"1604\">5. Utilisation des images et vid\u00e9os de patients<\/h2><p data-start=\"1605\" data-end=\"1933\">Certaines photos et vid\u00e9os publi\u00e9es sur le site et sur nos r\u00e9seaux sociaux montrent des patients ayant subi des traitements.<br data-start=\"1729\" data-end=\"1732\" \/><strong data-start=\"1732\" data-end=\"1931\">Tous les patients ont donn\u00e9 leur accord \u00e9crit et sign\u00e9 un document autorisant l\u2019utilisation de leur image \u00e0 des fins de publication sur le site internet et les r\u00e9seaux sociaux de implantbasal.fr.<\/strong><\/p><hr data-start=\"1935\" data-end=\"1938\" \/><h2 data-start=\"1940\" data-end=\"1974\">6. Limitation de responsabilit\u00e9<\/h2><p data-start=\"1975\" data-end=\"2165\">Les informations diffus\u00e9es sur le site implantbasal.fr sont fournies \u00e0 titre <strong data-start=\"2052\" data-end=\"2066\">informatif<\/strong>.<br data-start=\"2067\" data-end=\"2070\" \/>Elles ne constituent en aucun cas un avis m\u00e9dical, un diagnostic ou un traitement personnalis\u00e9.<\/p><p data-start=\"2167\" data-end=\"2267\">L\u2019\u00e9diteur du site ne saurait \u00eatre tenu responsable de l\u2019utilisation faite des informations publi\u00e9es.<\/p><hr data-start=\"2269\" data-end=\"2272\" \/><h2 data-start=\"2274\" data-end=\"2300\">7. Donn\u00e9es personnelles<\/h2><p data-start=\"2301\" data-end=\"2552\">Le site implantbasal.fr peut collecter des donn\u00e9es personnelles conform\u00e9ment \u00e0 la r\u00e9glementation en vigueur (RGPD).<br data-start=\"2416\" data-end=\"2419\" \/>Pour plus d\u2019informations, consultez la page :<br data-start=\"2464\" data-end=\"2467\" \/>\ud83d\udc49 <a class=\"decorated-link cursor-pointer\" href=\"https:\/\/implantbasal.fr\/en\/politique-de-confidentialite\/\" target=\"_new\" rel=\"noopener\" data-start=\"2470\" data-end=\"2552\">Politique de confidentialit\u00e9<\/a><\/p><hr data-start=\"2554\" data-end=\"2557\" \/><h2 data-start=\"2559\" data-end=\"2572\">8. Cookies<\/h2><p data-start=\"2573\" data-end=\"2700\">Le site peut \u00eatre amen\u00e9 \u00e0 utiliser des cookies \u00e0 des fins de mesure d\u2019audience, de fonctionnement et de diffusion publicitaire.<\/p><p data-start=\"2702\" data-end=\"2822\">L\u2019utilisateur peut refuser ou configurer les cookies via les param\u00e8tres de son navigateur ou le bandeau de consentement.<\/p><hr data-start=\"2824\" data-end=\"2827\" \/><h2 data-start=\"2829\" data-end=\"2842\">9. Contact<\/h2><p data-start=\"2843\" data-end=\"2985\">Pour toute question ou demande, vous pouvez nous contacter via la page :<br data-start=\"2915\" data-end=\"2918\" \/>\ud83d\udc49 <a class=\"decorated-link\" href=\"https:\/\/implantbasal.fr\/en\/contact-implant-basal\/\" target=\"_new\" rel=\"noopener\" data-start=\"2921\" data-end=\"2985\">Contactez-nous<\/a><\/p><hr data-start=\"2987\" data-end=\"2990\" \/><h2 data-start=\"2992\" data-end=\"3015\">10. Droit applicable<\/h2><p data-start=\"3016\" data-end=\"3130\">Les pr\u00e9sentes mentions l\u00e9gales sont r\u00e9gies par le droit applicable dans le pays de r\u00e9sidence de l\u2019\u00e9diteur du site.<\/p>\t\t\t\t\t\t\t\t<\/div>\n\t\t\t\t<\/div>\n\t\t\t\t\t<\/div>\n\t\t<\/div>\n\t\t\t\t\t<\/div>\n\t\t<\/section>\n\t\t\t\t<\/div>","protected":false},"excerpt":{"rendered":"<p>Mentions l\u00e9gales Conform\u00e9ment aux dispositions de la loi n\u00b02004-575 du 21 juin 2004 pour la confiance dans l\u2019\u00e9conomie num\u00e9rique (LCEN), il est pr\u00e9cis\u00e9 aux utilisateurs du site implantbasal.fr l\u2019identit\u00e9 des diff\u00e9rents intervenants dans le cadre de sa r\u00e9alisation et de son suivi. 1. \u00c9diteur du site Nom du site : implantbasal.frResponsable de la publication : Implant basal clinicAdresse e-mail : implantbasalfr@gmail.comSite web : https:\/\/implantbasal.fr Le responsable de la publication est une personne physique ou morale. 2. H\u00e9bergement Le site est h\u00e9berg\u00e9 par :Hostinger International Ltd.Adresse : 61 Lordou Vironos Street, Flat\/Office 5, 6023 Larnaca, ChypreT\u00e9l\u00e9phone : +357 22 500 800Site web : https:\/\/www.hostinger.com 3. Acc\u00e8s au site Le site est accessible 24h\/24 et 7j\/7, sauf cas de force majeure, interruption programm\u00e9e ou non et pouvant d\u00e9couler d\u2019une n\u00e9cessit\u00e9 de maintenance. 4. Propri\u00e9t\u00e9 intellectuelle L\u2019ensemble des contenus pr\u00e9sents sur le site implantbasal.fr (textes, images, vid\u00e9os, graphismes, logo, ic\u00f4nes, sons) est prot\u00e9g\u00e9 par le droit d\u2019auteur et reste la propri\u00e9t\u00e9 exclusive de l\u2019\u00e9diteur du site, sauf mention contraire. Toute reproduction, repr\u00e9sentation, modification, publication ou adaptation, totale ou partielle, des \u00e9l\u00e9ments du site est interdite sans autorisation \u00e9crite pr\u00e9alable. 5. Utilisation des images et vid\u00e9os de patients Certaines photos et vid\u00e9os publi\u00e9es sur le site et sur nos r\u00e9seaux sociaux montrent des patients ayant subi des traitements.Tous les patients ont donn\u00e9 leur accord \u00e9crit et sign\u00e9 un document autorisant l\u2019utilisation de leur image \u00e0 des fins de publication sur le site internet et les r\u00e9seaux sociaux de implantbasal.fr. 6. Limitation de responsabilit\u00e9 Les informations diffus\u00e9es sur le site implantbasal.fr sont fournies \u00e0 titre informatif.Elles ne constituent en aucun cas un avis m\u00e9dical, un diagnostic ou un traitement personnalis\u00e9. L\u2019\u00e9diteur du site ne saurait \u00eatre tenu responsable de l\u2019utilisation faite des informations publi\u00e9es. 7. Donn\u00e9es personnelles Le site implantbasal.fr peut collecter des donn\u00e9es personnelles conform\u00e9ment \u00e0 la r\u00e9glementation en vigueur (RGPD).Pour plus d\u2019informations, consultez la page :\ud83d\udc49 Politique de confidentialit\u00e9 8. Cookies Le site peut \u00eatre amen\u00e9 \u00e0 utiliser des cookies \u00e0 des fins de mesure d\u2019audience, de fonctionnement et de diffusion publicitaire. L\u2019utilisateur peut refuser ou configurer les cookies via les param\u00e8tres de son navigateur ou le bandeau de consentement. 9. Contact Pour toute question ou demande, vous pouvez nous contacter via la page :\ud83d\udc49 Contactez-nous 10. Droit applicable Les pr\u00e9sentes mentions l\u00e9gales sont r\u00e9gies par le droit applicable dans le pays de r\u00e9sidence de l\u2019\u00e9diteur du site.<\/p>","protected":false},"author":1,"featured_media":0,"parent":0,"menu_order":0,"comment_status":"closed","ping_status":"closed","template":"","meta":{"footnotes":""},"class_list":["post-4168","page","type-page","status-publish","hentry"],"blocksy_meta":[],"yoast_head":"<!-- This site is optimized with the Yoast SEO plugin v27.4 - https:\/\/yoast.com\/product\/yoast-seo-wordpress\/ -->\n<title>Mentions legales - ImplantBasal.fr<\/title>\n<meta name=\"robots\" content=\"index, follow, max-snippet:-1, max-image-preview:large, max-video-preview:-1\" \/>\n<link rel=\"canonical\" href=\"https:\/\/implantbasal.fr\/en\/menti\/\" \/>\n<meta property=\"og:locale\" content=\"en_GB\" \/>\n<meta property=\"og:type\" content=\"article\" \/>\n<meta property=\"og:title\" content=\"Mentions legales - ImplantBasal.fr\" \/>\n<meta property=\"og:description\" content=\"Mentions l\u00e9gales Conform\u00e9ment aux dispositions de la loi n\u00b02004-575 du 21 juin 2004 pour la confiance dans l\u2019\u00e9conomie num\u00e9rique (LCEN), il est pr\u00e9cis\u00e9 aux utilisateurs du site implantbasal.fr l\u2019identit\u00e9 des diff\u00e9rents intervenants dans le cadre de sa r\u00e9alisation et de son suivi. 1. \u00c9diteur du site Nom du site : implantbasal.frResponsable de la publication : Implant basal clinicAdresse e-mail : implantbasalfr@gmail.comSite web : https:\/\/implantbasal.fr Le responsable de la publication est une personne physique ou morale. 2. H\u00e9bergement Le site est h\u00e9berg\u00e9 par :Hostinger International Ltd.Adresse : 61 Lordou Vironos Street, Flat\/Office 5, 6023 Larnaca, ChypreT\u00e9l\u00e9phone : +357 22 500 800Site web : https:\/\/www.hostinger.com 3. Acc\u00e8s au site Le site est accessible 24h\/24 et 7j\/7, sauf cas de force majeure, interruption programm\u00e9e ou non et pouvant d\u00e9couler d\u2019une n\u00e9cessit\u00e9 de maintenance. 4. Propri\u00e9t\u00e9 intellectuelle L\u2019ensemble des contenus pr\u00e9sents sur le site implantbasal.fr (textes, images, vid\u00e9os, graphismes, logo, ic\u00f4nes, sons) est prot\u00e9g\u00e9 par le droit d\u2019auteur et reste la propri\u00e9t\u00e9 exclusive de l\u2019\u00e9diteur du site, sauf mention contraire. Toute reproduction, repr\u00e9sentation, modification, publication ou adaptation, totale ou partielle, des \u00e9l\u00e9ments du site est interdite sans autorisation \u00e9crite pr\u00e9alable. 5. Utilisation des images et vid\u00e9os de patients Certaines photos et vid\u00e9os publi\u00e9es sur le site et sur nos r\u00e9seaux sociaux montrent des patients ayant subi des traitements.Tous les patients ont donn\u00e9 leur accord \u00e9crit et sign\u00e9 un document autorisant l\u2019utilisation de leur image \u00e0 des fins de publication sur le site internet et les r\u00e9seaux sociaux de implantbasal.fr. 6. Limitation de responsabilit\u00e9 Les informations diffus\u00e9es sur le site implantbasal.fr sont fournies \u00e0 titre informatif.Elles ne constituent en aucun cas un avis m\u00e9dical, un diagnostic ou un traitement personnalis\u00e9. L\u2019\u00e9diteur du site ne saurait \u00eatre tenu responsable de l\u2019utilisation faite des informations publi\u00e9es. 7. Donn\u00e9es personnelles Le site implantbasal.fr peut collecter des donn\u00e9es personnelles conform\u00e9ment \u00e0 la r\u00e9glementation en vigueur (RGPD).Pour plus d\u2019informations, consultez la page :\ud83d\udc49 Politique de confidentialit\u00e9 8. Cookies Le site peut \u00eatre amen\u00e9 \u00e0 utiliser des cookies \u00e0 des fins de mesure d\u2019audience, de fonctionnement et de diffusion publicitaire. L\u2019utilisateur peut refuser ou configurer les cookies via les param\u00e8tres de son navigateur ou le bandeau de consentement. 9. Contact Pour toute question ou demande, vous pouvez nous contacter via la page :\ud83d\udc49 Contactez-nous 10. Droit applicable Les pr\u00e9sentes mentions l\u00e9gales sont r\u00e9gies par le droit applicable dans le pays de r\u00e9sidence de l\u2019\u00e9diteur du site.\" \/>\n<meta property=\"og:url\" content=\"https:\/\/implantbasal.fr\/en\/menti\/\" \/>\n<meta property=\"og:site_name\" content=\"ImplantBasal.fr\" \/>\n<meta property=\"article:modified_time\" content=\"2026-01-12T09:48:03+00:00\" \/>\n<meta name=\"twitter:card\" content=\"summary_large_image\" \/>\n<meta name=\"twitter:label1\" content=\"Estimated reading time\" \/>\n\t<meta name=\"twitter:data1\" content=\"3 minutes\" \/>\n<script type=\"application\/ld+json\" class=\"yoast-schema-graph\">{\"@context\":\"https:\\\/\\\/schema.org\",\"@graph\":[{\"@type\":\"WebPage\",\"@id\":\"https:\\\/\\\/implantbasal.fr\\\/menti\\\/\",\"url\":\"https:\\\/\\\/implantbasal.fr\\\/menti\\\/\",\"name\":\"Mentions legales - ImplantBasal.fr\",\"isPartOf\":{\"@id\":\"https:\\\/\\\/implantbasal.fr\\\/#website\"},\"datePublished\":\"2026-01-12T09:41:43+00:00\",\"dateModified\":\"2026-01-12T09:48:03+00:00\",\"breadcrumb\":{\"@id\":\"https:\\\/\\\/implantbasal.fr\\\/menti\\\/#breadcrumb\"},\"inLanguage\":\"en-GB\",\"potentialAction\":[{\"@type\":\"ReadAction\",\"target\":[\"https:\\\/\\\/implantbasal.fr\\\/menti\\\/\"]}]},{\"@type\":\"BreadcrumbList\",\"@id\":\"https:\\\/\\\/implantbasal.fr\\\/menti\\\/#breadcrumb\",\"itemListElement\":[{\"@type\":\"ListItem\",\"position\":1,\"name\":\"Accueil\",\"item\":\"https:\\\/\\\/implantbasal.fr\\\/\"},{\"@type\":\"ListItem\",\"position\":2,\"name\":\"Mentions legales\"}]},{\"@type\":\"WebSite\",\"@id\":\"https:\\\/\\\/implantbasal.fr\\\/#website\",\"url\":\"https:\\\/\\\/implantbasal.fr\\\/\",\"name\":\"ImplantBasal.fr\",\"description\":\"Refaire ses dents avec l\u2019implant basal\",\"publisher\":{\"@id\":\"https:\\\/\\\/implantbasal.fr\\\/#organization\"},\"potentialAction\":[{\"@type\":\"SearchAction\",\"target\":{\"@type\":\"EntryPoint\",\"urlTemplate\":\"https:\\\/\\\/implantbasal.fr\\\/?s={search_term_string}\"},\"query-input\":{\"@type\":\"PropertyValueSpecification\",\"valueRequired\":true,\"valueName\":\"search_term_string\"}}],\"inLanguage\":\"en-GB\"},{\"@type\":\"Organization\",\"@id\":\"https:\\\/\\\/implantbasal.fr\\\/#organization\",\"name\":\"ImplantBasal.fr\",\"url\":\"https:\\\/\\\/implantbasal.fr\\\/\",\"logo\":{\"@type\":\"ImageObject\",\"inLanguage\":\"en-GB\",\"@id\":\"https:\\\/\\\/implantbasal.fr\\\/#\\\/schema\\\/logo\\\/image\\\/\",\"url\":\"https:\\\/\\\/implantbasal.fr\\\/wp-content\\\/uploads\\\/2024\\\/12\\\/iMPLANT_BASAL__26_-removebg-preview-e1733408471593.png\",\"contentUrl\":\"https:\\\/\\\/implantbasal.fr\\\/wp-content\\\/uploads\\\/2024\\\/12\\\/iMPLANT_BASAL__26_-removebg-preview-e1733408471593.png\",\"width\":290,\"height\":299,\"caption\":\"ImplantBasal.fr\"},\"image\":{\"@id\":\"https:\\\/\\\/implantbasal.fr\\\/#\\\/schema\\\/logo\\\/image\\\/\"}}]}<\/script>\n<!-- \/ Yoast SEO plugin. -->","yoast_head_json":{"title":"Mentions legales - ImplantBasal.fr","robots":{"index":"index","follow":"follow","max-snippet":"max-snippet:-1","max-image-preview":"max-image-preview:large","max-video-preview":"max-video-preview:-1"},"canonical":"https:\/\/implantbasal.fr\/en\/menti\/","og_locale":"en_GB","og_type":"article","og_title":"Mentions legales - ImplantBasal.fr","og_description":"Mentions l\u00e9gales Conform\u00e9ment aux dispositions de la loi n\u00b02004-575 du 21 juin 2004 pour la confiance dans l\u2019\u00e9conomie num\u00e9rique (LCEN), il est pr\u00e9cis\u00e9 aux utilisateurs du site implantbasal.fr l\u2019identit\u00e9 des diff\u00e9rents intervenants dans le cadre de sa r\u00e9alisation et de son suivi. 1. \u00c9diteur du site Nom du site : implantbasal.frResponsable de la publication : Implant basal clinicAdresse e-mail : implantbasalfr@gmail.comSite web : https:\/\/implantbasal.fr Le responsable de la publication est une personne physique ou morale. 2. H\u00e9bergement Le site est h\u00e9berg\u00e9 par :Hostinger International Ltd.Adresse : 61 Lordou Vironos Street, Flat\/Office 5, 6023 Larnaca, ChypreT\u00e9l\u00e9phone : +357 22 500 800Site web : https:\/\/www.hostinger.com 3. Acc\u00e8s au site Le site est accessible 24h\/24 et 7j\/7, sauf cas de force majeure, interruption programm\u00e9e ou non et pouvant d\u00e9couler d\u2019une n\u00e9cessit\u00e9 de maintenance. 4. Propri\u00e9t\u00e9 intellectuelle L\u2019ensemble des contenus pr\u00e9sents sur le site implantbasal.fr (textes, images, vid\u00e9os, graphismes, logo, ic\u00f4nes, sons) est prot\u00e9g\u00e9 par le droit d\u2019auteur et reste la propri\u00e9t\u00e9 exclusive de l\u2019\u00e9diteur du site, sauf mention contraire. Toute reproduction, repr\u00e9sentation, modification, publication ou adaptation, totale ou partielle, des \u00e9l\u00e9ments du site est interdite sans autorisation \u00e9crite pr\u00e9alable. 5. Utilisation des images et vid\u00e9os de patients Certaines photos et vid\u00e9os publi\u00e9es sur le site et sur nos r\u00e9seaux sociaux montrent des patients ayant subi des traitements.Tous les patients ont donn\u00e9 leur accord \u00e9crit et sign\u00e9 un document autorisant l\u2019utilisation de leur image \u00e0 des fins de publication sur le site internet et les r\u00e9seaux sociaux de implantbasal.fr. 6. Limitation de responsabilit\u00e9 Les informations diffus\u00e9es sur le site implantbasal.fr sont fournies \u00e0 titre informatif.Elles ne constituent en aucun cas un avis m\u00e9dical, un diagnostic ou un traitement personnalis\u00e9. L\u2019\u00e9diteur du site ne saurait \u00eatre tenu responsable de l\u2019utilisation faite des informations publi\u00e9es. 7. Donn\u00e9es personnelles Le site implantbasal.fr peut collecter des donn\u00e9es personnelles conform\u00e9ment \u00e0 la r\u00e9glementation en vigueur (RGPD).Pour plus d\u2019informations, consultez la page :\ud83d\udc49 Politique de confidentialit\u00e9 8. Cookies Le site peut \u00eatre amen\u00e9 \u00e0 utiliser des cookies \u00e0 des fins de mesure d\u2019audience, de fonctionnement et de diffusion publicitaire. L\u2019utilisateur peut refuser ou configurer les cookies via les param\u00e8tres de son navigateur ou le bandeau de consentement. 9. Contact Pour toute question ou demande, vous pouvez nous contacter via la page :\ud83d\udc49 Contactez-nous 10. Droit applicable Les pr\u00e9sentes mentions l\u00e9gales sont r\u00e9gies par le droit applicable dans le pays de r\u00e9sidence de l\u2019\u00e9diteur du site.","og_url":"https:\/\/implantbasal.fr\/en\/menti\/","og_site_name":"ImplantBasal.fr","article_modified_time":"2026-01-12T09:48:03+00:00","twitter_card":"summary_large_image","twitter_misc":{"Estimated reading time":"3 minutes"},"schema":{"@context":"https:\/\/schema.org","@graph":[{"@type":"WebPage","@id":"https:\/\/implantbasal.fr\/menti\/","url":"https:\/\/implantbasal.fr\/menti\/","name":"Mentions legales - ImplantBasal.fr","isPartOf":{"@id":"https:\/\/implantbasal.fr\/#website"},"datePublished":"2026-01-12T09:41:43+00:00","dateModified":"2026-01-12T09:48:03+00:00","breadcrumb":{"@id":"https:\/\/implantbasal.fr\/menti\/#breadcrumb"},"inLanguage":"en-GB","potentialAction":[{"@type":"ReadAction","target":["https:\/\/implantbasal.fr\/menti\/"]}]},{"@type":"BreadcrumbList","@id":"https:\/\/implantbasal.fr\/menti\/#breadcrumb","itemListElement":[{"@type":"ListItem","position":1,"name":"Accueil","item":"https:\/\/implantbasal.fr\/"},{"@type":"ListItem","position":2,"name":"Mentions legales"}]},{"@type":"WebSite","@id":"https:\/\/implantbasal.fr\/#website","url":"https:\/\/implantbasal.fr\/","name":"ImplantBasal.fr","description":"Refaire ses dents avec l\u2019implant basal","publisher":{"@id":"https:\/\/implantbasal.fr\/#organization"},"potentialAction":[{"@type":"SearchAction","target":{"@type":"EntryPoint","urlTemplate":"https:\/\/implantbasal.fr\/?s={search_term_string}"},"query-input":{"@type":"PropertyValueSpecification","valueRequired":true,"valueName":"search_term_string"}}],"inLanguage":"en-GB"},{"@type":"Organization","@id":"https:\/\/implantbasal.fr\/#organization","name":"ImplantBasal.fr","url":"https:\/\/implantbasal.fr\/","logo":{"@type":"ImageObject","inLanguage":"en-GB","@id":"https:\/\/implantbasal.fr\/#\/schema\/logo\/image\/","url":"https:\/\/implantbasal.fr\/wp-content\/uploads\/2024\/12\/iMPLANT_BASAL__26_-removebg-preview-e1733408471593.png","contentUrl":"https:\/\/implantbasal.fr\/wp-content\/uploads\/2024\/12\/iMPLANT_BASAL__26_-removebg-preview-e1733408471593.png","width":290,"height":299,"caption":"ImplantBasal.fr"},"image":{"@id":"https:\/\/implantbasal.fr\/#\/schema\/logo\/image\/"}}]}},"_links":{"self":[{"href":"https:\/\/implantbasal.fr\/en\/wp-json\/wp\/v2\/pages\/4168","targetHints":{"allow":["GET"]}}],"collection":[{"href":"https:\/\/implantbasal.fr\/en\/wp-json\/wp\/v2\/pages"}],"about":[{"href":"https:\/\/implantbasal.fr\/en\/wp-json\/wp\/v2\/types\/page"}],"author":[{"embeddable":true,"href":"https:\/\/implantbasal.fr\/en\/wp-json\/wp\/v2\/users\/1"}],"replies":[{"embeddable":true,"href":"https:\/\/implantbasal.fr\/en\/wp-json\/wp\/v2\/comments?post=4168"}],"version-history":[{"count":7,"href":"https:\/\/implantbasal.fr\/en\/wp-json\/wp\/v2\/pages\/4168\/revisions"}],"predecessor-version":[{"id":4177,"href":"https:\/\/implantbasal.fr\/en\/wp-json\/wp\/v2\/pages\/4168\/revisions\/4177"}],"wp:attachment":[{"href":"https:\/\/implantbasal.fr\/en\/wp-json\/wp\/v2\/media?parent=4168"}],"curies":[{"name":"wp","href":"https:\/\/api.w.org\/{rel}","templated":true}]}}